{"id":653,"date":"2020-06-07T13:17:03","date_gmt":"2020-06-07T13:17:03","guid":{"rendered":"http:\/\/education-business.cyclonethemes.com\/?page_id=233"},"modified":"2026-04-02T11:17:37","modified_gmt":"2026-04-02T08:17:37","slug":"education-business-school-homepage","status":"publish","type":"page","link":"https:\/\/amandusadamson.ee\/en\/","title":{"rendered":"Esileht"},"content":{"rendered":"\t\t<div data-elementor-type=\"wp-page\" data-elementor-id=\"653\" class=\"elementor elementor-653\">\n\t\t\t\t\t\t<section class=\"elementor-section elementor-top-section elementor-element elementor-element-ecf9c53 elementor-section-height-min-height elementor-section-boxed elementor-section-height-default elementor-section-items-middle\" data-id=\"ecf9c53\" data-element_type=\"section\" data-e-type=\"section\" data-settings=\"{&quot;background_background&quot;:&quot;classic&quot;}\">\n\t\t\t\t\t\t<div class=\"elementor-container elementor-column-gap-default\">\n\t\t\t\t\t<div class=\"elementor-column elementor-col-100 elementor-top-column elementor-element elementor-element-b3a7610\" data-id=\"b3a7610\" data-element_type=\"column\" data-e-type=\"column\">\n\t\t\t<div class=\"elementor-widget-wrap elementor-element-populated\">\n\t\t\t\t\t\t<div class=\"elementor-element elementor-element-22164c9 elementor-widget elementor-widget-heading\" data-id=\"22164c9\" data-element_type=\"widget\" data-e-type=\"widget\" data-widget_type=\"heading.default\">\n\t\t\t\t<div class=\"elementor-widget-container\">\n\t\t\t\t\t<h1 class=\"elementor-heading-title elementor-size-default\">Amandus  Adamsoni Ateljeemuuseum<\/h1>\t\t\t\t<\/div>\n\t\t\t\t<\/div>\n\t\t\t\t<div class=\"elementor-element elementor-element-9dc7870 elementor-button-info elementor-align-center elementor-widget elementor-widget-button\" data-id=\"9dc7870\" data-element_type=\"widget\" data-e-type=\"widget\" data-widget_type=\"button.default\">\n\t\t\t\t<div class=\"elementor-widget-container\">\n\t\t\t\t\t\t\t\t\t<div class=\"elementor-button-wrapper\">\n\t\t\t\t\t<a class=\"elementor-button elementor-button-link elementor-size-lg\" href=\"https:\/\/amandusadamson.ee\/ateljeemuuseum\/\">\n\t\t\t\t\t\t<span class=\"elementor-button-content-wrapper\">\n\t\t\t\t\t\t\t\t\t<span class=\"elementor-button-text\">Vaata l\u00e4hemalt<\/span>\n\t\t\t\t\t<\/span>\n\t\t\t\t\t<\/a>\n\t\t\t\t<\/div>\n\t\t\t\t\t\t\t\t<\/div>\n\t\t\t\t<\/div>\n\t\t\t\t\t<\/div>\n\t\t<\/div>\n\t\t\t\t\t<\/div>\n\t\t<\/section>\n\t\t\t\t<section class=\"elementor-section elementor-top-section elementor-element elementor-element-2c6be8e elementor-section-boxed elementor-section-height-default elementor-section-height-default\" data-id=\"2c6be8e\" data-element_type=\"section\" data-e-type=\"section\" data-settings=\"{&quot;animation&quot;:&quot;none&quot;}\">\n\t\t\t\t\t\t<div class=\"elementor-container elementor-column-gap-default\">\n\t\t\t\t\t<div class=\"elementor-column elementor-col-25 elementor-top-column elementor-element elementor-element-932969a\" data-id=\"932969a\" data-element_type=\"column\" data-e-type=\"column\" data-settings=\"{&quot;background_background&quot;:&quot;gradient&quot;,&quot;animation&quot;:&quot;none&quot;}\">\n\t\t\t<div class=\"elementor-widget-wrap elementor-element-populated\">\n\t\t\t\t\t<div class=\"elementor-background-overlay\"><\/div>\n\t\t\t\t\t\t<div class=\"elementor-element elementor-element-75b2ee0 border-top-rounded elementor-position-top elementor-widget elementor-widget-image-box\" data-id=\"75b2ee0\" data-element_type=\"widget\" data-e-type=\"widget\" data-widget_type=\"image-box.default\">\n\t\t\t\t<div class=\"elementor-widget-container\">\n\t\t\t\t\t<div class=\"elementor-image-box-wrapper\"><figure class=\"elementor-image-box-img\"><a href=\"https:\/\/amandusadamson.ee\/sundmused\/\" tabindex=\"-1\"><img fetchpriority=\"high\" decoding=\"async\" width=\"2250\" height=\"2250\" src=\"https:\/\/amandusadamson.ee\/wp-content\/uploads\/2026\/03\/Aeglane_1080x1080px.jpg\" class=\"attachment-full size-full wp-image-3186\" alt=\"\" srcset=\"https:\/\/amandusadamson.ee\/wp-content\/uploads\/2026\/03\/Aeglane_1080x1080px.jpg 2250w, https:\/\/amandusadamson.ee\/wp-content\/uploads\/2026\/03\/Aeglane_1080x1080px-300x300.jpg 300w, https:\/\/amandusadamson.ee\/wp-content\/uploads\/2026\/03\/Aeglane_1080x1080px-1024x1024.jpg 1024w, https:\/\/amandusadamson.ee\/wp-content\/uploads\/2026\/03\/Aeglane_1080x1080px-150x150.jpg 150w, https:\/\/amandusadamson.ee\/wp-content\/uploads\/2026\/03\/Aeglane_1080x1080px-768x768.jpg 768w, https:\/\/amandusadamson.ee\/wp-content\/uploads\/2026\/03\/Aeglane_1080x1080px-1536x1536.jpg 1536w, https:\/\/amandusadamson.ee\/wp-content\/uploads\/2026\/03\/Aeglane_1080x1080px-2048x2048.jpg 2048w\" sizes=\"(max-width: 2250px) 100vw, 2250px\" \/><\/a><\/figure><div class=\"elementor-image-box-content\"><h3 class=\"elementor-image-box-title\"><a href=\"https:\/\/amandusadamson.ee\/sundmused\/\">S\u00dcNDMUSED<\/a><\/h3><\/div><\/div>\t\t\t\t<\/div>\n\t\t\t\t<\/div>\n\t\t\t\t\t<\/div>\n\t\t<\/div>\n\t\t\t\t<div class=\"elementor-column elementor-col-25 elementor-top-column elementor-element elementor-element-5c42d72\" data-id=\"5c42d72\" data-element_type=\"column\" data-e-type=\"column\" data-settings=\"{&quot;background_background&quot;:&quot;gradient&quot;,&quot;animation&quot;:&quot;none&quot;,&quot;animation_delay&quot;:500}\">\n\t\t\t<div class=\"elementor-widget-wrap elementor-element-populated\">\n\t\t\t\t\t\t<div class=\"elementor-element elementor-element-c4a9bf8 border-top-rounded elementor-position-top elementor-widget elementor-widget-image-box\" data-id=\"c4a9bf8\" data-element_type=\"widget\" data-e-type=\"widget\" data-widget_type=\"image-box.default\">\n\t\t\t\t<div class=\"elementor-widget-container\">\n\t\t\t\t\t<div class=\"elementor-image-box-wrapper\"><figure class=\"elementor-image-box-img\"><a href=\"https:\/\/amandusadamson.ee\/amandus-adamson\/\" tabindex=\"-1\"><img decoding=\"async\" width=\"460\" height=\"460\" src=\"https:\/\/amandusadamson.ee\/wp-content\/uploads\/2023\/09\/skulptor.png\" class=\"attachment-full size-full wp-image-1792\" alt=\"Amandus Adamson\" srcset=\"https:\/\/amandusadamson.ee\/wp-content\/uploads\/2023\/09\/skulptor.png 460w, https:\/\/amandusadamson.ee\/wp-content\/uploads\/2023\/09\/skulptor-300x300.png 300w, https:\/\/amandusadamson.ee\/wp-content\/uploads\/2023\/09\/skulptor-150x150.png 150w\" sizes=\"(max-width: 460px) 100vw, 460px\" \/><\/a><\/figure><div class=\"elementor-image-box-content\"><h3 class=\"elementor-image-box-title\"><a href=\"https:\/\/amandusadamson.ee\/amandus-adamson\/\">AMANDUS ADAMSONIST<\/a><\/h3><\/div><\/div>\t\t\t\t<\/div>\n\t\t\t\t<\/div>\n\t\t\t\t\t<\/div>\n\t\t<\/div>\n\t\t\t\t<div class=\"elementor-column elementor-col-25 elementor-top-column elementor-element elementor-element-48b9633\" data-id=\"48b9633\" data-element_type=\"column\" data-e-type=\"column\" data-settings=\"{&quot;background_background&quot;:&quot;gradient&quot;,&quot;animation&quot;:&quot;none&quot;,&quot;animation_delay&quot;:500}\">\n\t\t\t<div class=\"elementor-widget-wrap elementor-element-populated\">\n\t\t\t\t\t\t<div class=\"elementor-element elementor-element-d7570b9 border-top-rounded elementor-position-top elementor-widget elementor-widget-image-box\" data-id=\"d7570b9\" data-element_type=\"widget\" data-e-type=\"widget\" data-widget_type=\"image-box.default\">\n\t\t\t\t<div class=\"elementor-widget-container\">\n\t\t\t\t\t<div class=\"elementor-image-box-wrapper\"><figure class=\"elementor-image-box-img\"><a href=\"https:\/\/forms.office.com\/e\/aapj21eA5y\" tabindex=\"-1\"><img decoding=\"async\" width=\"460\" height=\"460\" src=\"https:\/\/amandusadamson.ee\/wp-content\/uploads\/2023\/09\/kysitlus.png\" class=\"attachment-full size-full wp-image-1794\" alt=\"K\u00fcsitlus\" srcset=\"https:\/\/amandusadamson.ee\/wp-content\/uploads\/2023\/09\/kysitlus.png 460w, https:\/\/amandusadamson.ee\/wp-content\/uploads\/2023\/09\/kysitlus-300x300.png 300w, https:\/\/amandusadamson.ee\/wp-content\/uploads\/2023\/09\/kysitlus-150x150.png 150w\" sizes=\"(max-width: 460px) 100vw, 460px\" \/><\/a><\/figure><div class=\"elementor-image-box-content\"><h3 class=\"elementor-image-box-title\"><a href=\"https:\/\/forms.office.com\/e\/aapj21eA5y\">K\u00dcLASTAJATE K\u00dcSITLUS<\/a><\/h3><\/div><\/div>\t\t\t\t<\/div>\n\t\t\t\t<\/div>\n\t\t\t\t\t<\/div>\n\t\t<\/div>\n\t\t\t\t<div class=\"elementor-column elementor-col-25 elementor-top-column elementor-element elementor-element-018dd3e\" data-id=\"018dd3e\" data-element_type=\"column\" data-e-type=\"column\" data-settings=\"{&quot;background_background&quot;:&quot;gradient&quot;,&quot;animation&quot;:&quot;none&quot;,&quot;animation_delay&quot;:1000}\">\n\t\t\t<div class=\"elementor-widget-wrap elementor-element-populated\">\n\t\t\t\t\t\t<div class=\"elementor-element elementor-element-83bd8ec border-top-rounded elementor-position-top elementor-widget elementor-widget-image-box\" data-id=\"83bd8ec\" data-element_type=\"widget\" data-e-type=\"widget\" data-widget_type=\"image-box.default\">\n\t\t\t\t<div class=\"elementor-widget-container\">\n\t\t\t\t\t<div class=\"elementor-image-box-wrapper\"><figure class=\"elementor-image-box-img\"><a href=\"https:\/\/pood.harjumaamuuseum.ee\/\" tabindex=\"-1\"><img loading=\"lazy\" decoding=\"async\" width=\"460\" height=\"460\" src=\"https:\/\/amandusadamson.ee\/wp-content\/uploads\/2023\/09\/Postkaart_talv_kelk.jpg\" class=\"attachment-full size-full wp-image-1893\" alt=\"\" srcset=\"https:\/\/amandusadamson.ee\/wp-content\/uploads\/2023\/09\/Postkaart_talv_kelk.jpg 460w, https:\/\/amandusadamson.ee\/wp-content\/uploads\/2023\/09\/Postkaart_talv_kelk-300x300.jpg 300w, https:\/\/amandusadamson.ee\/wp-content\/uploads\/2023\/09\/Postkaart_talv_kelk-150x150.jpg 150w\" sizes=\"(max-width: 460px) 100vw, 460px\" \/><\/a><\/figure><div class=\"elementor-image-box-content\"><h3 class=\"elementor-image-box-title\"><a href=\"https:\/\/pood.harjumaamuuseum.ee\/\">HARJUMAA MUUSEUMI E-POOD<\/a><\/h3><\/div><\/div>\t\t\t\t<\/div>\n\t\t\t\t<\/div>\n\t\t\t\t\t<\/div>\n\t\t<\/div>\n\t\t\t\t\t<\/div>\n\t\t<\/section>\n\t\t\t\t<section class=\"elementor-section elementor-top-section elementor-element elementor-element-6029e2e elementor-section-content-middle elementor-reverse-mobile elementor-section-boxed elementor-section-height-default elementor-section-height-default\" data-id=\"6029e2e\" data-element_type=\"section\" data-e-type=\"section\">\n\t\t\t\t\t\t<div class=\"elementor-container elementor-column-gap-no\">\n\t\t\t\t\t<div class=\"elementor-column elementor-col-50 elementor-top-column elementor-element elementor-element-0228258\" data-id=\"0228258\" data-element_type=\"column\" data-e-type=\"column\">\n\t\t\t<div class=\"elementor-widget-wrap elementor-element-populated\">\n\t\t\t\t\t\t<div class=\"elementor-element elementor-element-b4fa3bd elementor-widget elementor-widget-google_maps\" data-id=\"b4fa3bd\" data-element_type=\"widget\" data-e-type=\"widget\" data-widget_type=\"google_maps.default\">\n\t\t\t\t<div class=\"elementor-widget-container\">\n\t\t\t\t\t\t\t<div class=\"elementor-custom-embed\">\n\t\t\t<iframe loading=\"lazy\"\n\t\t\t\t\tsrc=\"https:\/\/maps.google.com\/maps?q=amandus%20adamsoni%20ateljeemuusueum&#038;t=m&#038;z=16&#038;output=embed&#038;iwloc=near\"\n\t\t\t\t\ttitle=\"amandus adamsoni ateljeemuusueum\"\n\t\t\t\t\taria-label=\"amandus adamsoni ateljeemuusueum\"\n\t\t\t><\/iframe>\n\t\t<\/div>\n\t\t\t\t\t\t<\/div>\n\t\t\t\t<\/div>\n\t\t\t\t\t<\/div>\n\t\t<\/div>\n\t\t\t\t<div class=\"elementor-column elementor-col-50 elementor-top-column elementor-element elementor-element-610644d\" data-id=\"610644d\" data-element_type=\"column\" data-e-type=\"column\">\n\t\t\t<div class=\"elementor-widget-wrap elementor-element-populated\">\n\t\t\t\t\t\t<div class=\"elementor-element elementor-element-5fcab39 elementor-widget elementor-widget-heading\" data-id=\"5fcab39\" data-element_type=\"widget\" data-e-type=\"widget\" data-widget_type=\"heading.default\">\n\t\t\t\t<div class=\"elementor-widget-container\">\n\t\t\t\t\t<h5 class=\"elementor-heading-title elementor-size-default\"><a href=\"https:\/\/amandusadamson.ee\/piletiinfo\/\">K\u00fclastusinfo<\/a><\/h5>\t\t\t\t<\/div>\n\t\t\t\t<\/div>\n\t\t\t\t<section class=\"elementor-section elementor-inner-section elementor-element elementor-element-2c71d92 elementor-section-boxed elementor-section-height-default elementor-section-height-default\" data-id=\"2c71d92\" data-element_type=\"section\" data-e-type=\"section\">\n\t\t\t\t\t\t<div class=\"elementor-container elementor-column-gap-default\">\n\t\t\t\t\t<div class=\"elementor-column elementor-col-50 elementor-inner-column elementor-element elementor-element-0dc8830\" data-id=\"0dc8830\" data-element_type=\"column\" data-e-type=\"column\">\n\t\t\t<div class=\"elementor-widget-wrap elementor-element-populated\">\n\t\t\t\t\t\t<div class=\"elementor-element elementor-element-2a3afe9 elementor-widget elementor-widget-heading\" data-id=\"2a3afe9\" data-element_type=\"widget\" data-e-type=\"widget\" data-widget_type=\"heading.default\">\n\t\t\t\t<div class=\"elementor-widget-container\">\n\t\t\t\t\t<div class=\"elementor-heading-title elementor-size-default\">\u00fcldkontakt<\/div>\t\t\t\t<\/div>\n\t\t\t\t<\/div>\n\t\t\t\t<div class=\"elementor-element elementor-element-389ac3b elementor-widget elementor-widget-text-editor\" data-id=\"389ac3b\" data-element_type=\"widget\" data-e-type=\"widget\" data-widget_type=\"text-editor.default\">\n\t\t\t\t<div class=\"elementor-widget-container\">\n\t\t\t\t\t\t\t\t\t<p>Adamsoni 3, Paldiski 76805<br \/>Telefon: +372 530 88 493 <em>(ainult k\u00fclastusaegadel)<\/em><br \/>E-post: amandusadamson[@]hmk.ee<\/p><p><br \/>Autoga tulijatel soovitame parkida Grossi poe taha parklasse.<\/p>\t\t\t\t\t\t\t\t<\/div>\n\t\t\t\t<\/div>\n\t\t\t\t\t<\/div>\n\t\t<\/div>\n\t\t\t\t<div class=\"elementor-column elementor-col-50 elementor-inner-column elementor-element elementor-element-1e6e7bd\" data-id=\"1e6e7bd\" data-element_type=\"column\" data-e-type=\"column\">\n\t\t\t<div class=\"elementor-widget-wrap elementor-element-populated\">\n\t\t\t\t\t\t<div class=\"elementor-element elementor-element-1baa039 elementor-widget elementor-widget-heading\" data-id=\"1baa039\" data-element_type=\"widget\" data-e-type=\"widget\" data-widget_type=\"heading.default\">\n\t\t\t\t<div class=\"elementor-widget-container\">\n\t\t\t\t\t<div class=\"elementor-heading-title elementor-size-default\">kuraatorid<\/div>\t\t\t\t<\/div>\n\t\t\t\t<\/div>\n\t\t\t\t<div class=\"elementor-element elementor-element-7193e0f elementor-widget elementor-widget-text-editor\" data-id=\"7193e0f\" data-element_type=\"widget\" data-e-type=\"widget\" data-widget_type=\"text-editor.default\">\n\t\t\t\t<div class=\"elementor-widget-container\">\n\t\t\t\t\t\t\t\t\t<p>Janne Jaagant<br>E-post: janne.jaagant[@]hmk.ee<\/p>\n<p><br>Kaisa Marie Sipelgas<br>E-post: kaisa.sipelgas[@]hmk.ee<\/p>\t\t\t\t\t\t\t\t<\/div>\n\t\t\t\t<\/div>\n\t\t\t\t\t<\/div>\n\t\t<\/div>\n\t\t\t\t\t<\/div>\n\t\t<\/section>\n\t\t\t\t<section class=\"elementor-section elementor-inner-section elementor-element elementor-element-d104338 elementor-section-boxed elementor-section-height-default elementor-section-height-default\" data-id=\"d104338\" data-element_type=\"section\" data-e-type=\"section\">\n\t\t\t\t\t\t<div class=\"elementor-container elementor-column-gap-default\">\n\t\t\t\t\t<div class=\"elementor-column elementor-col-50 elementor-inner-column elementor-element elementor-element-8882059\" data-id=\"8882059\" data-element_type=\"column\" data-e-type=\"column\">\n\t\t\t<div class=\"elementor-widget-wrap elementor-element-populated\">\n\t\t\t\t\t\t<div class=\"elementor-element elementor-element-e0b849c elementor-widget elementor-widget-heading\" data-id=\"e0b849c\" data-element_type=\"widget\" data-e-type=\"widget\" data-widget_type=\"heading.default\">\n\t\t\t\t<div class=\"elementor-widget-container\">\n\t\t\t\t\t<div class=\"elementor-heading-title elementor-size-default\">k\u00fclastusajad<\/div>\t\t\t\t<\/div>\n\t\t\t\t<\/div>\n\t\t\t\t<div class=\"elementor-element elementor-element-abeec25 elementor-widget elementor-widget-text-editor\" data-id=\"abeec25\" data-element_type=\"widget\" data-e-type=\"widget\" data-widget_type=\"text-editor.default\">\n\t\t\t\t<div class=\"elementor-widget-container\">\n\t\t\t\t\t\t\t\t\t<p><span style=\"color: #333333;\">K-P 11:00-18:00 (mai-september)<br \/><\/span><strong><span style=\"color: #333333;\">N-P 11:00-16:00 (oktoober-aprill)<br \/><\/span><\/strong><span style=\"color: #333333;\">Suletud k\u00f5ikidel riigip\u00fchadel<\/span><\/p>\t\t\t\t\t\t\t\t<\/div>\n\t\t\t\t<\/div>\n\t\t\t\t\t<\/div>\n\t\t<\/div>\n\t\t\t\t<div class=\"elementor-column elementor-col-50 elementor-inner-column elementor-element elementor-element-d31e116\" data-id=\"d31e116\" data-element_type=\"column\" data-e-type=\"column\">\n\t\t\t<div class=\"elementor-widget-wrap elementor-element-populated\">\n\t\t\t\t\t\t<div class=\"elementor-element elementor-element-4b03beb elementor-widget elementor-widget-heading\" data-id=\"4b03beb\" data-element_type=\"widget\" data-e-type=\"widget\" data-widget_type=\"heading.default\">\n\t\t\t\t<div class=\"elementor-widget-container\">\n\t\t\t\t\t<div class=\"elementor-heading-title elementor-size-default\">J\u00e4lgi meid<\/div>\t\t\t\t<\/div>\n\t\t\t\t<\/div>\n\t\t\t\t<div class=\"elementor-element elementor-element-5fd3f1b e-grid-align-left elementor-shape-rounded elementor-grid-0 elementor-widget elementor-widget-social-icons\" data-id=\"5fd3f1b\" data-element_type=\"widget\" data-e-type=\"widget\" data-widget_type=\"social-icons.default\">\n\t\t\t\t<div class=\"elementor-widget-container\">\n\t\t\t\t\t\t\t<div class=\"elementor-social-icons-wrapper elementor-grid\" role=\"list\">\n\t\t\t\t\t\t\t<span class=\"elementor-grid-item\" role=\"listitem\">\n\t\t\t\t\t<a class=\"elementor-icon elementor-social-icon elementor-social-icon-facebook-f elementor-animation-grow elementor-repeater-item-2d0da0c\" href=\"https:\/\/www.facebook.com\/AmandusAdamsoniAteljeemuuseum\" target=\"_blank\">\n\t\t\t\t\t\t<span class=\"elementor-screen-only\">Facebook-f<\/span>\n\t\t\t\t\t\t<i aria-hidden=\"true\" class=\"fab fa-facebook-f\"><\/i>\t\t\t\t\t<\/a>\n\t\t\t\t<\/span>\n\t\t\t\t\t\t\t<span class=\"elementor-grid-item\" role=\"listitem\">\n\t\t\t\t\t<a class=\"elementor-icon elementor-social-icon elementor-social-icon-instagram elementor-animation-grow elementor-repeater-item-56d61c4\" href=\"https:\/\/www.instagram.com\/amandusadamson\/\" target=\"_blank\">\n\t\t\t\t\t\t<span class=\"elementor-screen-only\">Instagram<\/span>\n\t\t\t\t\t\t<i aria-hidden=\"true\" class=\"fab fa-instagram\"><\/i>\t\t\t\t\t<\/a>\n\t\t\t\t<\/span>\n\t\t\t\t\t<\/div>\n\t\t\t\t\t\t<\/div>\n\t\t\t\t<\/div>\n\t\t\t\t\t<\/div>\n\t\t<\/div>\n\t\t\t\t\t<\/div>\n\t\t<\/section>\n\t\t\t\t\t<\/div>\n\t\t<\/div>\n\t\t\t\t\t<\/div>\n\t\t<\/section>\n\t\t\t\t<\/div>\n\t\t","protected":false},"excerpt":{"rendered":"<p>Amandus Adamsoni Ateljeemuuseum Vaata l\u00e4hemalt S\u00dcNDMUSED AMANDUS ADAMSONIST K\u00dcLASTAJATE K\u00dcSITLUS HARJUMAA MUUSEUMI E-POOD K\u00fclastusinfo \u00fcldkontakt Adamsoni 3, Paldiski 76805Telefon: +372 530 88 493 (ainult k\u00fclastusaegadel)E-post: amandusadamson[@]hmk.ee Autoga tulijatel soovitame parkida [&hellip;]<\/p>\n","protected":false},"author":1,"featured_media":0,"parent":0,"menu_order":0,"comment_status":"closed","ping_status":"closed","template":"elementor_header_footer","meta":{"_EventAllDay":false,"_EventTimezone":"","_EventStartDate":"","_EventEndDate":"","_EventStartDateUTC":"","_EventEndDateUTC":"","_EventShowMap":false,"_EventShowMapLink":false,"_EventURL":"","_EventCost":"","_EventCostDescription":"","_EventCurrencySymbol":"","_EventCurrencyCode":"","_EventCurrencyPosition":"","_EventDateTimeSeparator":"","_EventTimeRangeSeparator":"","_EventOrganizerID":[],"_EventVenueID":[],"_OrganizerEmail":"","_OrganizerPhone":"","_OrganizerWebsite":"","_VenueAddress":"","_VenueCity":"","_VenueCountry":"","_VenueProvince":"","_VenueState":"","_VenueZip":"","_VenuePhone":"","_VenueURL":"","_VenueStateProvince":"","_VenueLat":"","_VenueLng":"","_VenueShowMap":false,"_VenueShowMapLink":false,"footnotes":""},"class_list":["post-653","page","type-page","status-publish","hentry"],"_links":{"self":[{"href":"https:\/\/amandusadamson.ee\/en\/wp-json\/wp\/v2\/pages\/653","targetHints":{"allow":["GET"]}}],"collection":[{"href":"https:\/\/amandusadamson.ee\/en\/wp-json\/wp\/v2\/pages"}],"about":[{"href":"https:\/\/amandusadamson.ee\/en\/wp-json\/wp\/v2\/types\/page"}],"author":[{"embeddable":true,"href":"https:\/\/amandusadamson.ee\/en\/wp-json\/wp\/v2\/users\/1"}],"replies":[{"embeddable":true,"href":"https:\/\/amandusadamson.ee\/en\/wp-json\/wp\/v2\/comments?post=653"}],"version-history":[{"count":600,"href":"https:\/\/amandusadamson.ee\/en\/wp-json\/wp\/v2\/pages\/653\/revisions"}],"predecessor-version":[{"id":3434,"href":"https:\/\/amandusadamson.ee\/en\/wp-json\/wp\/v2\/pages\/653\/revisions\/3434"}],"wp:attachment":[{"href":"https:\/\/amandusadamson.ee\/en\/wp-json\/wp\/v2\/media?parent=653"}],"curies":[{"name":"wp","href":"https:\/\/api.w.org\/{rel}","templated":true}]}}