{"id":705,"date":"2022-02-14T12:36:33","date_gmt":"2022-02-14T12:36:33","guid":{"rendered":"https:\/\/uus.amandusadamson.ee\/?page_id=705"},"modified":"2026-03-29T12:31:22","modified_gmt":"2026-03-29T09:31:22","slug":"ateljeemuuseum","status":"publish","type":"page","link":"https:\/\/amandusadamson.ee\/en\/ateljeemuuseum\/","title":{"rendered":"STUDIO MUSEUM"},"content":{"rendered":"\t\t<div data-elementor-type=\"wp-page\" data-elementor-id=\"705\" class=\"elementor elementor-705\">\n\t\t\t\t\t\t<section class=\"elementor-section elementor-top-section elementor-element elementor-element-9a4d484 elementor-section-boxed elementor-section-height-default elementor-section-height-default\" data-id=\"9a4d484\" data-element_type=\"section\" data-e-type=\"section\">\n\t\t\t\t\t\t<div class=\"elementor-container elementor-column-gap-default\">\n\t\t\t\t\t<div class=\"elementor-column elementor-col-100 elementor-top-column elementor-element elementor-element-b63aa0e\" data-id=\"b63aa0e\" data-element_type=\"column\" data-e-type=\"column\">\n\t\t\t<div class=\"elementor-widget-wrap elementor-element-populated\">\n\t\t\t\t\t\t<div class=\"elementor-element elementor-element-bb5a798 elementor-widget elementor-widget-heading\" data-id=\"bb5a798\" data-element_type=\"widget\" data-e-type=\"widget\" data-widget_type=\"heading.default\">\n\t\t\t\t<div class=\"elementor-widget-container\">\n\t\t\t\t\t<h4 class=\"elementor-heading-title elementor-size-default\">ATELJEEMUUSEUM<\/h4>\t\t\t\t<\/div>\n\t\t\t\t<\/div>\n\t\t\t\t\t<\/div>\n\t\t<\/div>\n\t\t\t\t\t<\/div>\n\t\t<\/section>\n\t\t\t\t<section class=\"elementor-section elementor-top-section elementor-element elementor-element-b8d8dc3 elementor-section-boxed elementor-section-height-default elementor-section-height-default\" data-id=\"b8d8dc3\" data-element_type=\"section\" data-e-type=\"section\">\n\t\t\t\t\t\t<div class=\"elementor-container elementor-column-gap-default\">\n\t\t\t\t\t<div class=\"elementor-column elementor-col-100 elementor-top-column elementor-element elementor-element-ff7d632\" data-id=\"ff7d632\" data-element_type=\"column\" data-e-type=\"column\">\n\t\t\t<div class=\"elementor-widget-wrap elementor-element-populated\">\n\t\t\t\t\t\t<div class=\"elementor-element elementor-element-15365aa elementor-widget elementor-widget-text-editor\" data-id=\"15365aa\" data-element_type=\"widget\" data-e-type=\"widget\" data-widget_type=\"text-editor.default\">\n\t\t\t\t<div class=\"elementor-widget-container\">\n\t\t\t\t\t\t\t\t\t<p><\/p>\n<div class=\"wp-block-group\"><div class=\"wp-block-group__inner-container is-layout-flow wp-block-group-is-layout-flow\"><p><\/p>\n<div class=\"wp-block-columns is-layout-flex wp-container-core-columns-is-layout-9d6595d7 wp-block-columns-is-layout-flex\"><p><\/p>\n<div class=\"wp-block-column is-layout-flow wp-block-column-is-layout-flow\" style=\"flex-basis: 100%;\"><p><\/p>\n<div class=\"wp-block-columns is-layout-flex wp-container-core-columns-is-layout-9d6595d7 wp-block-columns-is-layout-flex\"><p><\/p>\n<div class=\"wp-block-column is-vertically-aligned-center is-layout-flow wp-block-column-is-layout-flow\"><p><\/p>\n<div class=\"wp-block-media-text alignwide is-stacked-on-mobile is-image-fill\">\n<figure class=\"wp-block-media-text__media\" style=\"background-image: url('https:\/\/uus.amandusadamson.ee\/wp-content\/uploads\/2022\/02\/ateljee.jpg'); background-position: 50% 50%;\"><img fetchpriority=\"high\" decoding=\"async\" width=\"600\" height=\"400\" class=\"wp-image-37 size-full\" src=\"https:\/\/uus.amandusadamson.ee\/wp-content\/uploads\/2022\/02\/ateljee.jpg\" alt=\"\" srcset=\"https:\/\/amandusadamson.ee\/wp-content\/uploads\/2022\/02\/ateljee.jpg 600w, https:\/\/amandusadamson.ee\/wp-content\/uploads\/2022\/02\/ateljee-300x200.jpg 300w\" sizes=\"(max-width: 600px) 100vw, 600px\" \/><\/figure>\n<div class=\"wp-block-media-text__content\"><p><\/p>\n<p>Amandus Adamson ostis Paldiskisse krundi elumaja ja suveateljee ehituseks 1896. aastal ning asus sinna koheselt ateljeehoonet rajama. Ants Laikmaa m\u00e4lestuste kohaselt v\u00f5ttis Adamson ka ise maja ehitust\u00f6\u00f6dest osa.<br><br>Suveateljee valmis 1899. aastal. Amandus Adamson kasutas ateljeed algselt suvekuudel pisemate kujude modelleerimiseks ja maalimiseks. Amandus Adamson kolis perega j\u00e4\u00e4davalt Paldiskisse 1918. aastal. Selleks ajaks oli valminud ka kahekorruseline elumaja. Kujur suri oma kodus Paldiskis 1929. aastal.<\/p>\n<p><\/p><\/div>\n<\/div>\n<p><\/p><\/div>\n<p><\/p><\/div>\n<p><\/p><\/div>\n<p><\/p><\/div>\n<p><\/p><\/div><\/div>\n<p><\/p>\n<p>P\u00e4rast II maailmas\u00f5da kasutas perekond suveateljeed eluhoonena, sest elumaja p\u00f5letati s\u00f5jav\u00e4elaste poolt 1944. aastal maha. Maja &nbsp;ateljeeruumis p\u00fc\u00fcti 1960.-70. aastatel &nbsp;k\u00e4ivitada Amandus Adamsoni muuseumituba. Amandus Adamsoni t\u00fctar Corinna elas hoones 1981. aastani. Noorim t\u00fctar Maria emigreerus Rootsi ning poeg Peeter hiljem liitus temaga.<br>2005. aastal kinkis Amandus Adamsoni t\u00fctar Maria Maddalena Carlsson maja Eesti riigile ning sellest sai <a href=\"http:\/\/harjumaamuuseum.ee\">Harjumaa Muuseumi<\/a> filiaal \u2013 Amandus Adamsoni Ateljeemuuseum. Euroopa Liidu toel restaureeritud maja on muuseumina k\u00fclastajatele avatud alates 13. novembrist 2010.<\/p>\n<p><\/p>\t\t\t\t\t\t\t\t<\/div>\n\t\t\t\t<\/div>\n\t\t\t\t\t<\/div>\n\t\t<\/div>\n\t\t\t\t\t<\/div>\n\t\t<\/section>\n\t\t\t\t<section class=\"elementor-section elementor-top-section elementor-element elementor-element-7327903 elementor-section-content-middle elementor-reverse-mobile elementor-section-boxed elementor-section-height-default elementor-section-height-default\" data-id=\"7327903\" data-element_type=\"section\" data-e-type=\"section\">\n\t\t\t\t\t\t<div class=\"elementor-container elementor-column-gap-no\">\n\t\t\t\t\t<div class=\"elementor-column elementor-col-50 elementor-top-column elementor-element elementor-element-32ffb49\" data-id=\"32ffb49\" data-element_type=\"column\" data-e-type=\"column\">\n\t\t\t<div class=\"elementor-widget-wrap elementor-element-populated\">\n\t\t\t\t\t\t<div class=\"elementor-element elementor-element-8de9925 elementor-widget elementor-widget-google_maps\" data-id=\"8de9925\" data-element_type=\"widget\" data-e-type=\"widget\" data-widget_type=\"google_maps.default\">\n\t\t\t\t<div class=\"elementor-widget-container\">\n\t\t\t\t\t\t\t<div class=\"elementor-custom-embed\">\n\t\t\t<iframe loading=\"lazy\"\n\t\t\t\t\tsrc=\"https:\/\/maps.google.com\/maps?q=amandus%20adamsoni%20ateljeemuusueum&#038;t=m&#038;z=16&#038;output=embed&#038;iwloc=near\"\n\t\t\t\t\ttitle=\"amandus adamsoni ateljeemuusueum\"\n\t\t\t\t\taria-label=\"amandus adamsoni ateljeemuusueum\"\n\t\t\t><\/iframe>\n\t\t<\/div>\n\t\t\t\t\t\t<\/div>\n\t\t\t\t<\/div>\n\t\t\t\t\t<\/div>\n\t\t<\/div>\n\t\t\t\t<div class=\"elementor-column elementor-col-50 elementor-top-column elementor-element elementor-element-14f0e58\" data-id=\"14f0e58\" data-element_type=\"column\" data-e-type=\"column\">\n\t\t\t<div class=\"elementor-widget-wrap elementor-element-populated\">\n\t\t\t\t\t\t<div class=\"elementor-element elementor-element-554ab19 elementor-widget elementor-widget-heading\" data-id=\"554ab19\" data-element_type=\"widget\" data-e-type=\"widget\" data-widget_type=\"heading.default\">\n\t\t\t\t<div class=\"elementor-widget-container\">\n\t\t\t\t\t<h5 class=\"elementor-heading-title elementor-size-default\"><a href=\"https:\/\/amandusadamson.ee\/piletiinfo\/\">K\u00fclastusinfo<\/a><\/h5>\t\t\t\t<\/div>\n\t\t\t\t<\/div>\n\t\t\t\t<section class=\"elementor-section elementor-inner-section elementor-element elementor-element-de76223 elementor-section-boxed elementor-section-height-default elementor-section-height-default\" data-id=\"de76223\" data-element_type=\"section\" data-e-type=\"section\">\n\t\t\t\t\t\t<div class=\"elementor-container elementor-column-gap-default\">\n\t\t\t\t\t<div class=\"elementor-column elementor-col-50 elementor-inner-column elementor-element elementor-element-b850fd9\" data-id=\"b850fd9\" data-element_type=\"column\" data-e-type=\"column\">\n\t\t\t<div class=\"elementor-widget-wrap elementor-element-populated\">\n\t\t\t\t\t\t<div class=\"elementor-element elementor-element-9c9c857 elementor-widget elementor-widget-heading\" data-id=\"9c9c857\" data-element_type=\"widget\" data-e-type=\"widget\" data-widget_type=\"heading.default\">\n\t\t\t\t<div class=\"elementor-widget-container\">\n\t\t\t\t\t<div class=\"elementor-heading-title elementor-size-default\">\u00fcldkontakt<\/div>\t\t\t\t<\/div>\n\t\t\t\t<\/div>\n\t\t\t\t<div class=\"elementor-element elementor-element-6ecefcd elementor-widget elementor-widget-text-editor\" data-id=\"6ecefcd\" data-element_type=\"widget\" data-e-type=\"widget\" data-widget_type=\"text-editor.default\">\n\t\t\t\t<div class=\"elementor-widget-container\">\n\t\t\t\t\t\t\t\t\t<p>Adamsoni 3, Paldiski 76805<br \/>Telefon: +372 530 88 493<br \/>E-post: amandusadamson[@]hmk.ee<\/p><p>\u00a0<\/p><p>Autoga tulijatel soovitame parkida Grossi poe taha parklasse.<\/p>\t\t\t\t\t\t\t\t<\/div>\n\t\t\t\t<\/div>\n\t\t\t\t\t<\/div>\n\t\t<\/div>\n\t\t\t\t<div class=\"elementor-column elementor-col-50 elementor-inner-column elementor-element elementor-element-725fe54\" data-id=\"725fe54\" data-element_type=\"column\" data-e-type=\"column\">\n\t\t\t<div class=\"elementor-widget-wrap elementor-element-populated\">\n\t\t\t\t\t\t<div class=\"elementor-element elementor-element-3c019e1 elementor-widget elementor-widget-heading\" data-id=\"3c019e1\" data-element_type=\"widget\" data-e-type=\"widget\" data-widget_type=\"heading.default\">\n\t\t\t\t<div class=\"elementor-widget-container\">\n\t\t\t\t\t<div class=\"elementor-heading-title elementor-size-default\">kuraatorid<\/div>\t\t\t\t<\/div>\n\t\t\t\t<\/div>\n\t\t\t\t<div class=\"elementor-element elementor-element-3df8fa8 elementor-widget elementor-widget-text-editor\" data-id=\"3df8fa8\" data-element_type=\"widget\" data-e-type=\"widget\" data-widget_type=\"text-editor.default\">\n\t\t\t\t<div class=\"elementor-widget-container\">\n\t\t\t\t\t\t\t\t\t<p>Janne Jaagant<br \/>E-post: janne.jaagant[@]hmk.ee<\/p><p>Kaisa Marie Sipelgas<br \/>E-post: kaisa.sipelgas[@]hmk.ee<\/p>\t\t\t\t\t\t\t\t<\/div>\n\t\t\t\t<\/div>\n\t\t\t\t\t<\/div>\n\t\t<\/div>\n\t\t\t\t\t<\/div>\n\t\t<\/section>\n\t\t\t\t<section class=\"elementor-section elementor-inner-section elementor-element elementor-element-03321b9 elementor-section-boxed elementor-section-height-default elementor-section-height-default\" data-id=\"03321b9\" data-element_type=\"section\" data-e-type=\"section\">\n\t\t\t\t\t\t<div class=\"elementor-container elementor-column-gap-default\">\n\t\t\t\t\t<div class=\"elementor-column elementor-col-50 elementor-inner-column elementor-element elementor-element-01a0b01\" data-id=\"01a0b01\" data-element_type=\"column\" data-e-type=\"column\">\n\t\t\t<div class=\"elementor-widget-wrap elementor-element-populated\">\n\t\t\t\t\t\t<div class=\"elementor-element elementor-element-157581d elementor-widget elementor-widget-heading\" data-id=\"157581d\" data-element_type=\"widget\" data-e-type=\"widget\" data-widget_type=\"heading.default\">\n\t\t\t\t<div class=\"elementor-widget-container\">\n\t\t\t\t\t<div class=\"elementor-heading-title elementor-size-default\">k\u00fclastusajad<\/div>\t\t\t\t<\/div>\n\t\t\t\t<\/div>\n\t\t\t\t<div class=\"elementor-element elementor-element-72ba82f elementor-widget elementor-widget-text-editor\" data-id=\"72ba82f\" data-element_type=\"widget\" data-e-type=\"widget\" data-widget_type=\"text-editor.default\">\n\t\t\t\t<div class=\"elementor-widget-container\">\n\t\t\t\t\t\t\t\t\t<p><span style=\"color: #333333;\">K-P 11:00-18:00 (mai-september)<br \/><\/span><strong><span style=\"color: #333333;\">N-P 11:00-16:00 (oktoober-aprill)<br \/><\/span><\/strong><span style=\"color: #333333;\">Suletud k\u00f5ikidel riigip\u00fchadel<\/span><\/p>\t\t\t\t\t\t\t\t<\/div>\n\t\t\t\t<\/div>\n\t\t\t\t\t<\/div>\n\t\t<\/div>\n\t\t\t\t<div class=\"elementor-column elementor-col-50 elementor-inner-column elementor-element elementor-element-98132e0\" data-id=\"98132e0\" data-element_type=\"column\" data-e-type=\"column\">\n\t\t\t<div class=\"elementor-widget-wrap elementor-element-populated\">\n\t\t\t\t\t\t<div class=\"elementor-element elementor-element-4a966c7 elementor-widget elementor-widget-heading\" data-id=\"4a966c7\" data-element_type=\"widget\" data-e-type=\"widget\" data-widget_type=\"heading.default\">\n\t\t\t\t<div class=\"elementor-widget-container\">\n\t\t\t\t\t<div class=\"elementor-heading-title elementor-size-default\">J\u00e4lgi meid<\/div>\t\t\t\t<\/div>\n\t\t\t\t<\/div>\n\t\t\t\t<div class=\"elementor-element elementor-element-d656145 e-grid-align-left elementor-shape-rounded elementor-grid-0 elementor-widget elementor-widget-social-icons\" data-id=\"d656145\" data-element_type=\"widget\" data-e-type=\"widget\" data-widget_type=\"social-icons.default\">\n\t\t\t\t<div class=\"elementor-widget-container\">\n\t\t\t\t\t\t\t<div class=\"elementor-social-icons-wrapper elementor-grid\" role=\"list\">\n\t\t\t\t\t\t\t<span class=\"elementor-grid-item\" role=\"listitem\">\n\t\t\t\t\t<a class=\"elementor-icon elementor-social-icon elementor-social-icon-facebook-f elementor-animation-grow elementor-repeater-item-2d0da0c\" href=\"https:\/\/www.facebook.com\/AmandusAdamsoniAteljeemuuseum\" target=\"_blank\">\n\t\t\t\t\t\t<span class=\"elementor-screen-only\">Facebook-f<\/span>\n\t\t\t\t\t\t<i aria-hidden=\"true\" class=\"fab fa-facebook-f\"><\/i>\t\t\t\t\t<\/a>\n\t\t\t\t<\/span>\n\t\t\t\t\t\t\t<span class=\"elementor-grid-item\" role=\"listitem\">\n\t\t\t\t\t<a class=\"elementor-icon elementor-social-icon elementor-social-icon-instagram elementor-animation-grow elementor-repeater-item-56d61c4\" href=\"https:\/\/www.instagram.com\/amandusadamson\/\" target=\"_blank\">\n\t\t\t\t\t\t<span class=\"elementor-screen-only\">Instagram<\/span>\n\t\t\t\t\t\t<i aria-hidden=\"true\" class=\"fab fa-instagram\"><\/i>\t\t\t\t\t<\/a>\n\t\t\t\t<\/span>\n\t\t\t\t\t<\/div>\n\t\t\t\t\t\t<\/div>\n\t\t\t\t<\/div>\n\t\t\t\t\t<\/div>\n\t\t<\/div>\n\t\t\t\t\t<\/div>\n\t\t<\/section>\n\t\t\t\t\t<\/div>\n\t\t<\/div>\n\t\t\t\t\t<\/div>\n\t\t<\/section>\n\t\t\t\t<\/div>\n\t\t","protected":false},"excerpt":{"rendered":"<p>ATELJEEMUUSEUM Amandus Adamson ostis Paldiskisse krundi elumaja ja suveateljee ehituseks 1896. aastal ning asus sinna koheselt ateljeehoonet rajama. Ants Laikmaa m\u00e4lestuste kohaselt v\u00f5ttis Adamson ka ise maja ehitust\u00f6\u00f6dest osa. Suveateljee [&hellip;]<\/p>\n","protected":false},"author":1,"featured_media":0,"parent":0,"menu_order":0,"comment_status":"closed","ping_status":"closed","template":"page-templates\/full-width-container.php","meta":{"_EventAllDay":false,"_EventTimezone":"","_EventStartDate":"","_EventEndDate":"","_EventStartDateUTC":"","_EventEndDateUTC":"","_EventShowMap":false,"_EventShowMapLink":false,"_EventURL":"","_EventCost":"","_EventCostDescription":"","_EventCurrencySymbol":"","_EventCurrencyCode":"","_EventCurrencyPosition":"","_EventDateTimeSeparator":"","_EventTimeRangeSeparator":"","_EventOrganizerID":[],"_EventVenueID":[],"_OrganizerEmail":"","_OrganizerPhone":"","_OrganizerWebsite":"","_VenueAddress":"","_VenueCity":"","_VenueCountry":"","_VenueProvince":"","_VenueState":"","_VenueZip":"","_VenuePhone":"","_VenueURL":"","_VenueStateProvince":"","_VenueLat":"","_VenueLng":"","_VenueShowMap":false,"_VenueShowMapLink":false,"footnotes":""},"class_list":["post-705","page","type-page","status-publish","hentry"],"_links":{"self":[{"href":"https:\/\/amandusadamson.ee\/en\/wp-json\/wp\/v2\/pages\/705","targetHints":{"allow":["GET"]}}],"collection":[{"href":"https:\/\/amandusadamson.ee\/en\/wp-json\/wp\/v2\/pages"}],"about":[{"href":"https:\/\/amandusadamson.ee\/en\/wp-json\/wp\/v2\/types\/page"}],"author":[{"embeddable":true,"href":"https:\/\/amandusadamson.ee\/en\/wp-json\/wp\/v2\/users\/1"}],"replies":[{"embeddable":true,"href":"https:\/\/amandusadamson.ee\/en\/wp-json\/wp\/v2\/comments?post=705"}],"version-history":[{"count":38,"href":"https:\/\/amandusadamson.ee\/en\/wp-json\/wp\/v2\/pages\/705\/revisions"}],"predecessor-version":[{"id":3396,"href":"https:\/\/amandusadamson.ee\/en\/wp-json\/wp\/v2\/pages\/705\/revisions\/3396"}],"wp:attachment":[{"href":"https:\/\/amandusadamson.ee\/en\/wp-json\/wp\/v2\/media?parent=705"}],"curies":[{"name":"wp","href":"https:\/\/api.w.org\/{rel}","templated":true}]}}