{"id":779,"date":"2022-02-14T14:59:02","date_gmt":"2022-02-14T14:59:02","guid":{"rendered":"https:\/\/uus.amandusadamson.ee\/?page_id=779"},"modified":"2026-03-29T11:21:21","modified_gmt":"2026-03-29T08:21:21","slug":"skulptuur-laeva-viimne-ohe-paldiski","status":"publish","type":"page","link":"https:\/\/amandusadamson.ee\/en\/skulptuur-laeva-viimne-ohe-paldiski\/","title":{"rendered":"SKULPTUUR &#8220;Laeva viimne ohe&#8221; Paldiski"},"content":{"rendered":"\t\t<div data-elementor-type=\"wp-page\" data-elementor-id=\"779\" class=\"elementor elementor-779\">\n\t\t\t\t\t\t<section class=\"elementor-section elementor-top-section elementor-element elementor-element-9a4d484 elementor-section-boxed elementor-section-height-default elementor-section-height-default\" data-id=\"9a4d484\" data-element_type=\"section\" data-e-type=\"section\">\n\t\t\t\t\t\t<div class=\"elementor-container elementor-column-gap-default\">\n\t\t\t\t\t<div class=\"elementor-column elementor-col-100 elementor-top-column elementor-element elementor-element-b63aa0e\" data-id=\"b63aa0e\" data-element_type=\"column\" data-e-type=\"column\">\n\t\t\t<div class=\"elementor-widget-wrap elementor-element-populated\">\n\t\t\t\t\t\t<div class=\"elementor-element elementor-element-bb5a798 elementor-widget elementor-widget-heading\" data-id=\"bb5a798\" data-element_type=\"widget\" data-e-type=\"widget\" data-widget_type=\"heading.default\">\n\t\t\t\t<div class=\"elementor-widget-container\">\n\t\t\t\t\t<h4 class=\"elementor-heading-title elementor-size-default\"><a href=\"http:\/\/amandusadamson.ee\/amandus-adamson\/laeva-viimne-ohe-paldiski\" style=\"font-family: Raleway, sans-serif;font-size: var(--menu-sub__font-size);font-weight: var(--menu-sub-active__font-weight);text-align: center;white-space: normal;font-style: var(--menu-sub-active__font-style);text-decoration: var(--menu-sub-active__text-decoration);text-transform: var(--menu-sub-active__text-transform);opacity: var(--menu-sub-active__opacity)\">Skulptuur \"Laeva viimne ohe\" Paldiski<\/a>s<\/h4>\t\t\t\t<\/div>\n\t\t\t\t<\/div>\n\t\t\t\t<div class=\"elementor-element elementor-element-325f340 elementor-widget elementor-widget-text-editor\" data-id=\"325f340\" data-element_type=\"widget\" data-e-type=\"widget\" data-widget_type=\"text-editor.default\">\n\t\t\t\t<div class=\"elementor-widget-container\">\n\t\t\t\t\t\t\t\t\t<p style=\"font-weight: 400;\"><b><strong>Paldiski projekt<\/strong><\/b><\/p>\n<p style=\"font-weight: 400;\">Ren\u00e9 Reinum\u00e4e loodud skulptuur valmis kunstnikepaari&nbsp;<a style=\"font-style: var(--content-area-link__font-style); font-weight: var(--content-area-link__font-weight);\" href=\"https:\/\/2013.cca.ee\/kunstnikud\/f\/meedia.html\">Johnson ja Johnson<\/a>&nbsp;kunstiprojekti &#8220;Paldiski projekt. Otsustamistahe&#8221; (2008) raames. Projekti l\u00e4htepunktiks oli kunstnike poolt v\u00e4lja pakutud idee, et Paldiskis v\u00f5iks olla Amandus Adamsoni (1855\u20131929) skulptuur. Projekt algas 2006. aasta l\u00f5pus, kui kunstnikud korraldasid Paldiski elanike seas k\u00fcsitluse, millist Adamsoni skulptuuri nad sooviksid k\u00f5ige meelsamini Paldiskis n\u00e4ha. Valida oli viie skulptuuri vahel: &#8220;Laeva viimne ohe&#8221; (1899), &#8220;Kalevipoeg ja Sarvik&#8221; (1896), &#8220;\u00c4reval ootel&#8221; (1925), &#8220;Noorus kaob&#8221; (1919) ja &#8220;Kalevipoeg P\u00f5rgu v\u00e4ravas&#8221; (1922). V\u00f5itjaks osutus l\u00fc\u00fcriline kompositsioon merelainetest \u00fcmbritsetud naise kujust, &#8220;Laeva viimne ohe&#8221;. Skulptuuri valimise protsessist valmis&nbsp;<a style=\"font-style: var(--content-area-link__font-style); font-weight: var(--content-area-link__font-weight);\" href=\"https:\/\/dorftv.at\/video\/22677?fbclid=IwAR0B2tkPxB7eVfiVgJhQERYy_hoNYrzy7fpITMNEme2sknPVGOrLFYvfPWY\">dokumentaalfilm<\/a>. Skulptuuri suurendatud koopia modelleeris Reinum\u00e4e 2009. aasta s\u00fcgisel ja skulptuur avati Paldiski linna keskuses 19. oktoobril 2013. Teose valmimise kohta saab l\u00e4hemalt lugeda&nbsp;<a style=\"font-style: var(--content-area-link__font-style); font-weight: var(--content-area-link__font-weight);\" href=\"http:\/\/rootsijaamgallery.blogspot.com\/2012\/11\/hukkuva-laeva-viimne-ohe.html\">siit<\/a>. Halvasti kinnitatud kuju eemaldati linnaruumist juba sama aasta s\u00fcgisel. Pakri Paruni kohviku omaniku eestvedamisel paigaldati skulptuur 2018. aasta alguses Pakri poolsaarele.<\/p>\t\t\t\t\t\t\t\t<\/div>\n\t\t\t\t<\/div>\n\t\t\t\t<section class=\"elementor-section elementor-inner-section elementor-element elementor-element-221e613 elementor-section-boxed elementor-section-height-default elementor-section-height-default\" data-id=\"221e613\" data-element_type=\"section\" data-e-type=\"section\">\n\t\t\t\t\t\t<div class=\"elementor-container elementor-column-gap-default\">\n\t\t\t\t\t<div class=\"elementor-column elementor-col-50 elementor-inner-column elementor-element elementor-element-1566897\" data-id=\"1566897\" data-element_type=\"column\" data-e-type=\"column\">\n\t\t\t<div class=\"elementor-widget-wrap elementor-element-populated\">\n\t\t\t\t\t\t<div class=\"elementor-element elementor-element-82f94a5 elementor-widget elementor-widget-text-editor\" data-id=\"82f94a5\" data-element_type=\"widget\" data-e-type=\"widget\" data-widget_type=\"text-editor.default\">\n\t\t\t\t<div class=\"elementor-widget-container\">\n\t\t\t\t\t\t\t\t\t<p><b>Amandus Adamsoni \u201cLaeva viimne ohe\u201d<br \/><\/b><\/p>\n<p>Amandus Adamsoni loomingus on dekoratiivskulptuuridel oluline koht. Sajandivahetusel tellis Keiserlik Portselanivabrik Adamsonilt seitse mudelit paljundamiseks biskviitportselanis: \u201eLaeva viimne ohe\u201c (1902), \u201eMerehelinate kuulaja\u201c (1902), \u201eLaine ainuke suudlus\u201c (1902), \u201eMagav noormees\u201c (1903), \u201eVeenuse s\u00fcnd\u201c (1903), \u201eDamon\u201c (1905) ja \u201eHingepiin\u201c (1905). \u201cLaeva viimne ohe\u201d oli portselanitehase jaoks erakordne selle poolest, et tegemist oli esmakordse katsega viia tootmisse niiv\u00f5rd suurem\u00f5\u00f5tmeline portselanist kuju &#8211; skulptuuri k\u00f5rgus on ca 91 cm. Mudeli paljundamine \u00f5nnestus ning kujust sai tehase menukas artikkel. \u00dcks biskviitportselanist kuju asub ka Peterburis Ermitaa\u017eis ja \u00fcks Tartu Kunstimuuseumis. 1926. aastal kordas Adamson sama mudelit marmoris. Kaunis marmorkuju asub Eesti Kunstimuuseumis.<\/p>\t\t\t\t\t\t\t\t<\/div>\n\t\t\t\t<\/div>\n\t\t\t\t\t<\/div>\n\t\t<\/div>\n\t\t\t\t<div class=\"elementor-column elementor-col-50 elementor-inner-column elementor-element elementor-element-63bd46a\" data-id=\"63bd46a\" data-element_type=\"column\" data-e-type=\"column\">\n\t\t\t<div class=\"elementor-widget-wrap elementor-element-populated\">\n\t\t\t\t\t\t<div class=\"elementor-element elementor-element-e648e41 elementor-widget elementor-widget-image\" data-id=\"e648e41\" data-element_type=\"widget\" data-e-type=\"widget\" data-widget_type=\"image.default\">\n\t\t\t\t<div class=\"elementor-widget-container\">\n\t\t\t\t\t\t\t\t\t\t\t\t\t\t\t<img fetchpriority=\"high\" decoding=\"async\" width=\"404\" height=\"600\" src=\"https:\/\/amandusadamson.ee\/wp-content\/uploads\/2022\/02\/Laeva-viimne-ohe.png\" class=\"attachment-large size-large wp-image-782\" alt=\"\" \/>\t\t\t\t\t\t\t\t\t\t\t\t\t\t\t<\/div>\n\t\t\t\t<\/div>\n\t\t\t\t\t<\/div>\n\t\t<\/div>\n\t\t\t\t\t<\/div>\n\t\t<\/section>\n\t\t\t\t\t<\/div>\n\t\t<\/div>\n\t\t\t\t\t<\/div>\n\t\t<\/section>\n\t\t\t\t<section class=\"elementor-section elementor-top-section elementor-element elementor-element-e60fb56 elementor-section-content-middle elementor-reverse-mobile elementor-section-boxed elementor-section-height-default elementor-section-height-default\" data-id=\"e60fb56\" data-element_type=\"section\" data-e-type=\"section\">\n\t\t\t\t\t\t<div class=\"elementor-container elementor-column-gap-no\">\n\t\t\t\t\t<div class=\"elementor-column elementor-col-50 elementor-top-column elementor-element elementor-element-cac0dfc\" data-id=\"cac0dfc\" data-element_type=\"column\" data-e-type=\"column\">\n\t\t\t<div class=\"elementor-widget-wrap elementor-element-populated\">\n\t\t\t\t\t\t<div class=\"elementor-element elementor-element-fba81aa elementor-widget elementor-widget-google_maps\" data-id=\"fba81aa\" data-element_type=\"widget\" data-e-type=\"widget\" data-widget_type=\"google_maps.default\">\n\t\t\t\t<div class=\"elementor-widget-container\">\n\t\t\t\t\t\t\t<div class=\"elementor-custom-embed\">\n\t\t\t<iframe loading=\"lazy\"\n\t\t\t\t\tsrc=\"https:\/\/maps.google.com\/maps?q=amandus%20adamsoni%20ateljeemuusueum&#038;t=m&#038;z=16&#038;output=embed&#038;iwloc=near\"\n\t\t\t\t\ttitle=\"amandus adamsoni ateljeemuusueum\"\n\t\t\t\t\taria-label=\"amandus adamsoni ateljeemuusueum\"\n\t\t\t><\/iframe>\n\t\t<\/div>\n\t\t\t\t\t\t<\/div>\n\t\t\t\t<\/div>\n\t\t\t\t\t<\/div>\n\t\t<\/div>\n\t\t\t\t<div class=\"elementor-column elementor-col-50 elementor-top-column elementor-element elementor-element-11d2403\" data-id=\"11d2403\" data-element_type=\"column\" data-e-type=\"column\">\n\t\t\t<div class=\"elementor-widget-wrap elementor-element-populated\">\n\t\t\t\t\t\t<div class=\"elementor-element elementor-element-0f36e60 elementor-widget elementor-widget-heading\" data-id=\"0f36e60\" data-element_type=\"widget\" data-e-type=\"widget\" data-widget_type=\"heading.default\">\n\t\t\t\t<div class=\"elementor-widget-container\">\n\t\t\t\t\t<h5 class=\"elementor-heading-title elementor-size-default\">K\u00fclastusinfo<\/h5>\t\t\t\t<\/div>\n\t\t\t\t<\/div>\n\t\t\t\t<section class=\"elementor-section elementor-inner-section elementor-element elementor-element-3a5ff88 elementor-section-boxed elementor-section-height-default elementor-section-height-default\" data-id=\"3a5ff88\" data-element_type=\"section\" data-e-type=\"section\">\n\t\t\t\t\t\t<div class=\"elementor-container elementor-column-gap-default\">\n\t\t\t\t\t<div class=\"elementor-column elementor-col-50 elementor-inner-column elementor-element elementor-element-1fe8f02\" data-id=\"1fe8f02\" data-element_type=\"column\" data-e-type=\"column\">\n\t\t\t<div class=\"elementor-widget-wrap elementor-element-populated\">\n\t\t\t\t\t\t<div class=\"elementor-element elementor-element-6c2fea7 elementor-widget elementor-widget-heading\" data-id=\"6c2fea7\" data-element_type=\"widget\" data-e-type=\"widget\" data-widget_type=\"heading.default\">\n\t\t\t\t<div class=\"elementor-widget-container\">\n\t\t\t\t\t<div class=\"elementor-heading-title elementor-size-default\">\u00fcldkontakt<\/div>\t\t\t\t<\/div>\n\t\t\t\t<\/div>\n\t\t\t\t<div class=\"elementor-element elementor-element-afd0594 elementor-widget elementor-widget-text-editor\" data-id=\"afd0594\" data-element_type=\"widget\" data-e-type=\"widget\" data-widget_type=\"text-editor.default\">\n\t\t\t\t<div class=\"elementor-widget-container\">\n\t\t\t\t\t\t\t\t\t<p>Adamsoni 3, Paldiski 76805<br \/>Telefon: +372 530 88 493<br \/>E-post: amandusadamson[@]hmk.ee<\/p><p>\u00a0<\/p><p>Autoga tulijatel soovitame parkida Grossi poe taha parklasse.<\/p>\t\t\t\t\t\t\t\t<\/div>\n\t\t\t\t<\/div>\n\t\t\t\t\t<\/div>\n\t\t<\/div>\n\t\t\t\t<div class=\"elementor-column elementor-col-50 elementor-inner-column elementor-element elementor-element-1436552\" data-id=\"1436552\" data-element_type=\"column\" data-e-type=\"column\">\n\t\t\t<div class=\"elementor-widget-wrap elementor-element-populated\">\n\t\t\t\t\t\t<div class=\"elementor-element elementor-element-d8558eb elementor-widget elementor-widget-heading\" data-id=\"d8558eb\" data-element_type=\"widget\" data-e-type=\"widget\" data-widget_type=\"heading.default\">\n\t\t\t\t<div class=\"elementor-widget-container\">\n\t\t\t\t\t<div class=\"elementor-heading-title elementor-size-default\">kuraatorid<\/div>\t\t\t\t<\/div>\n\t\t\t\t<\/div>\n\t\t\t\t<div class=\"elementor-element elementor-element-e38f1f9 elementor-widget elementor-widget-text-editor\" data-id=\"e38f1f9\" data-element_type=\"widget\" data-e-type=\"widget\" data-widget_type=\"text-editor.default\">\n\t\t\t\t<div class=\"elementor-widget-container\">\n\t\t\t\t\t\t\t\t\t<p>Janne Jaagant<br \/>E-post: janne.jaagant[@]hmk.ee<\/p><p>Kaisa Marie Sipelgas<br \/>E-post: kaisa.sipelgas[@]hmk.ee<\/p>\t\t\t\t\t\t\t\t<\/div>\n\t\t\t\t<\/div>\n\t\t\t\t\t<\/div>\n\t\t<\/div>\n\t\t\t\t\t<\/div>\n\t\t<\/section>\n\t\t\t\t<section class=\"elementor-section elementor-inner-section elementor-element elementor-element-27a1c47 elementor-section-boxed elementor-section-height-default elementor-section-height-default\" data-id=\"27a1c47\" data-element_type=\"section\" data-e-type=\"section\">\n\t\t\t\t\t\t<div class=\"elementor-container elementor-column-gap-default\">\n\t\t\t\t\t<div class=\"elementor-column elementor-col-50 elementor-inner-column elementor-element elementor-element-1b07686\" data-id=\"1b07686\" data-element_type=\"column\" data-e-type=\"column\">\n\t\t\t<div class=\"elementor-widget-wrap elementor-element-populated\">\n\t\t\t\t\t\t<div class=\"elementor-element elementor-element-7d4a9ad elementor-widget elementor-widget-heading\" data-id=\"7d4a9ad\" data-element_type=\"widget\" data-e-type=\"widget\" data-widget_type=\"heading.default\">\n\t\t\t\t<div class=\"elementor-widget-container\">\n\t\t\t\t\t<div class=\"elementor-heading-title elementor-size-default\">k\u00fclastusajad<\/div>\t\t\t\t<\/div>\n\t\t\t\t<\/div>\n\t\t\t\t<div class=\"elementor-element elementor-element-4895cc2 elementor-widget elementor-widget-text-editor\" data-id=\"4895cc2\" data-element_type=\"widget\" data-e-type=\"widget\" data-widget_type=\"text-editor.default\">\n\t\t\t\t<div class=\"elementor-widget-container\">\n\t\t\t\t\t\t\t\t\t<p><span style=\"color: #333333;\">K-P 11:00-18:00 (mai-september)<br \/><\/span><strong><span style=\"color: #333333;\">N-P 11:00-16:00 (oktoober-aprill)<br \/><\/span><\/strong><span style=\"color: #333333;\">Suletud k\u00f5ikidel riigip\u00fchadel<\/span><\/p>\t\t\t\t\t\t\t\t<\/div>\n\t\t\t\t<\/div>\n\t\t\t\t\t<\/div>\n\t\t<\/div>\n\t\t\t\t<div class=\"elementor-column elementor-col-50 elementor-inner-column elementor-element elementor-element-d592b76\" data-id=\"d592b76\" data-element_type=\"column\" data-e-type=\"column\">\n\t\t\t<div class=\"elementor-widget-wrap elementor-element-populated\">\n\t\t\t\t\t\t<div class=\"elementor-element elementor-element-37ca4d8 elementor-widget elementor-widget-heading\" data-id=\"37ca4d8\" data-element_type=\"widget\" data-e-type=\"widget\" data-widget_type=\"heading.default\">\n\t\t\t\t<div class=\"elementor-widget-container\">\n\t\t\t\t\t<div class=\"elementor-heading-title elementor-size-default\">J\u00e4lgi meid<\/div>\t\t\t\t<\/div>\n\t\t\t\t<\/div>\n\t\t\t\t<div class=\"elementor-element elementor-element-e423bd1 e-grid-align-left elementor-shape-rounded elementor-grid-0 elementor-widget elementor-widget-social-icons\" data-id=\"e423bd1\" data-element_type=\"widget\" data-e-type=\"widget\" data-widget_type=\"social-icons.default\">\n\t\t\t\t<div class=\"elementor-widget-container\">\n\t\t\t\t\t\t\t<div class=\"elementor-social-icons-wrapper elementor-grid\" role=\"list\">\n\t\t\t\t\t\t\t<span class=\"elementor-grid-item\" role=\"listitem\">\n\t\t\t\t\t<a class=\"elementor-icon elementor-social-icon elementor-social-icon-facebook-f elementor-animation-grow elementor-repeater-item-2d0da0c\" href=\"https:\/\/www.facebook.com\/AmandusAdamsoniAteljeemuuseum\" target=\"_blank\">\n\t\t\t\t\t\t<span class=\"elementor-screen-only\">Facebook-f<\/span>\n\t\t\t\t\t\t<i aria-hidden=\"true\" class=\"fab fa-facebook-f\"><\/i>\t\t\t\t\t<\/a>\n\t\t\t\t<\/span>\n\t\t\t\t\t\t\t<span class=\"elementor-grid-item\" role=\"listitem\">\n\t\t\t\t\t<a class=\"elementor-icon elementor-social-icon elementor-social-icon-instagram elementor-animation-grow elementor-repeater-item-56d61c4\" href=\"https:\/\/www.instagram.com\/amandusadamson\/\" target=\"_blank\">\n\t\t\t\t\t\t<span class=\"elementor-screen-only\">Instagram<\/span>\n\t\t\t\t\t\t<i aria-hidden=\"true\" class=\"fab fa-instagram\"><\/i>\t\t\t\t\t<\/a>\n\t\t\t\t<\/span>\n\t\t\t\t\t<\/div>\n\t\t\t\t\t\t<\/div>\n\t\t\t\t<\/div>\n\t\t\t\t\t<\/div>\n\t\t<\/div>\n\t\t\t\t\t<\/div>\n\t\t<\/section>\n\t\t\t\t\t<\/div>\n\t\t<\/div>\n\t\t\t\t\t<\/div>\n\t\t<\/section>\n\t\t\t\t<\/div>\n\t\t","protected":false},"excerpt":{"rendered":"<p>Skulptuur &#8220;Laeva viimne ohe&#8221; Paldiskis Paldiski projekt Ren\u00e9 Reinum\u00e4e loodud skulptuur valmis kunstnikepaari&nbsp;Johnson ja Johnson&nbsp;kunstiprojekti &#8220;Paldiski projekt. Otsustamistahe&#8221; (2008) raames. Projekti l\u00e4htepunktiks oli kunstnike poolt v\u00e4lja pakutud idee, et Paldiskis [&hellip;]<\/p>\n","protected":false},"author":1,"featured_media":0,"parent":0,"menu_order":0,"comment_status":"closed","ping_status":"closed","template":"page-templates\/full-width-container.php","meta":{"_EventAllDay":false,"_EventTimezone":"","_EventStartDate":"","_EventEndDate":"","_EventStartDateUTC":"","_EventEndDateUTC":"","_EventShowMap":false,"_EventShowMapLink":false,"_EventURL":"","_EventCost":"","_EventCostDescription":"","_EventCurrencySymbol":"","_EventCurrencyCode":"","_EventCurrencyPosition":"","_EventDateTimeSeparator":"","_EventTimeRangeSeparator":"","_EventOrganizerID":[],"_EventVenueID":[],"_OrganizerEmail":"","_OrganizerPhone":"","_OrganizerWebsite":"","_VenueAddress":"","_VenueCity":"","_VenueCountry":"","_VenueProvince":"","_VenueState":"","_VenueZip":"","_VenuePhone":"","_VenueURL":"","_VenueStateProvince":"","_VenueLat":"","_VenueLng":"","_VenueShowMap":false,"_VenueShowMapLink":false,"footnotes":""},"class_list":["post-779","page","type-page","status-publish","hentry"],"_links":{"self":[{"href":"https:\/\/amandusadamson.ee\/en\/wp-json\/wp\/v2\/pages\/779","targetHints":{"allow":["GET"]}}],"collection":[{"href":"https:\/\/amandusadamson.ee\/en\/wp-json\/wp\/v2\/pages"}],"about":[{"href":"https:\/\/amandusadamson.ee\/en\/wp-json\/wp\/v2\/types\/page"}],"author":[{"embeddable":true,"href":"https:\/\/amandusadamson.ee\/en\/wp-json\/wp\/v2\/users\/1"}],"replies":[{"embeddable":true,"href":"https:\/\/amandusadamson.ee\/en\/wp-json\/wp\/v2\/comments?post=779"}],"version-history":[{"count":19,"href":"https:\/\/amandusadamson.ee\/en\/wp-json\/wp\/v2\/pages\/779\/revisions"}],"predecessor-version":[{"id":3360,"href":"https:\/\/amandusadamson.ee\/en\/wp-json\/wp\/v2\/pages\/779\/revisions\/3360"}],"wp:attachment":[{"href":"https:\/\/amandusadamson.ee\/en\/wp-json\/wp\/v2\/media?parent=779"}],"curies":[{"name":"wp","href":"https:\/\/api.w.org\/{rel}","templated":true}]}}